{"id":10,"date":"2021-10-23T02:35:13","date_gmt":"2021-10-23T00:35:13","guid":{"rendered":"https:\/\/argotype.com\/romainleclerc\/?page_id=10"},"modified":"2023-03-29T16:46:21","modified_gmt":"2023-03-29T14:46:21","slug":"competences","status":"publish","type":"page","link":"https:\/\/argotype.com\/romainleclerc\/competences\/","title":{"rendered":"Comp\u00e9tences"},"content":{"rendered":"\n<h2 class=\"wp-block-heading\">Graphique<\/h2>\n\n\n\n<p>Maitrise compl\u00e8te de la chaine graphique, que cela soit \u00e0 destination de l&rsquo;impression (print) papiers, catalogues, textiles ou d&rsquo;images num\u00e9riques, majoritairement pour l&rsquo;internet (web). La r\u00e9solution des images \u00e9tant drastiquement diff\u00e9rente entre ces deux domaines, j&rsquo;ai l&rsquo;habitude d&rsquo;\u00eatre pr\u00e9cis et rigoureux. Je suis autant \u00e0 l&rsquo;aise avec les pixels (image bitmap ou raster) qu&rsquo;avec les images vectorielles, n&rsquo;h\u00e9sitant pas \u00e0 combiner les deux approches quand cela peut \u00eatre n\u00e9cessaire.<br>J&rsquo;ai aussi une bonne approche et de s\u00e9rieuses notions en 3D, vid\u00e9o et en \u00ab\u00a0compositing\u00a0\u00bb.<\/p>\n\n\n\n<h3 class=\"wp-block-heading\">Les outils<\/h3>\n\n\n\n<ul class=\"wp-block-list\"><li>La suite Adobe (Photoshop, Illustrator, InDesign) qui sont \u00ab\u00a0mes compagnons\u00a0\u00bb de tous les jours.<\/li><li>Premi\u00e8re et After Effect, du m\u00eame \u00e9diteur, dont je me sers moins mais que je connais.<\/li><li>Blender 3D, logiciel open source, gratuit mais dont les possibilit\u00e9s de cr\u00e9ations sont assez stup\u00e9fiantes.<\/li><li>TheGuimp et Inkscape qui sont les \u00e9quivalents de Photoshop et Illustrator, en open source.<\/li><\/ul>\n\n\n\n<p>De fa\u00e7on plus anecdotique, quand on fait de l&rsquo;\u00e9dition, Microsoft Word, est un grand classique pour \u00e9changer des fichiers texte et il m&rsquo;est aussi arriv\u00e9 de faire quelques mise en page et pr\u00e9sentations sous Power Point.<\/p>\n\n\n\n<h2 class=\"wp-block-heading\">Int\u00e9gration et programmation<\/h2>\n\n\n\n<p>Je n&rsquo;aurais pas la pr\u00e9tention de me dire d\u00e9veloppeur \u00ab\u00a0full stack\u00a0\u00bb mais j&rsquo;ai de tr\u00e8s bonnes notions g\u00e9n\u00e9rales dans les essentiels langages qui composent l&rsquo;ossature et le fonctionnement d&rsquo;un site internet. Je suis plus orient\u00e9 \u00ab\u00a0front\u00a0\u00bb, \u00e9tant, de par mon m\u00e9tier, plus visuel.<br>Je fais de l&rsquo;int\u00e9gration HTML \/ CSS depuis un bon moment maintenant, ce sont des langages (ainsi que le pr\u00e9processeur SASS) dont j&rsquo;ai une certaine habitude et maitrise, bien qu&rsquo;ils soient en constante \u00e9volution.<br>Pour ce qui est de la programmation pure et sans \u00eatre un programmeur chevronn\u00e9, cot\u00e9 \u00ab\u00a0client\u00a0\u00bb, forc\u00e9ment, l&rsquo;incontournable JavaScript, et cot\u00e9 \u00ab\u00a0serveur\u00a0\u00bb, le PHP.<br>Comme je disais, quand on veut comprendre et donner certain comportement \u00e0 certains \u00e9l\u00e9ments, il est important d&rsquo;avoir une vision globale, ou du moins une id\u00e9e, des m\u00e9canismes de rendu de ces \u00e9l\u00e9ments. Il en va de m\u00eame pour le travail en \u00e9quipe.<\/p>\n\n\n\n<h3 class=\"wp-block-heading\">Les outils<\/h3>\n\n\n\n<ul class=\"wp-block-list\"><li>Un bon \u00e9diteur \/ IDE (actuellement, Visual Studio Code)<\/li><li>Git <\/li><li>NodeJS<\/li><li>Bootstrap<\/li><\/ul>\n\n\n\n<h3 class=\"wp-block-heading\">Les CMS<\/h3>\n\n\n\n<p>Les syst\u00e8mes de gestion de contenu. Des outils pratiques et modulables qui permettent de mettre et de personnaliser du contenu en ligne rapidement.<\/p>\n\n\n\n<ul class=\"wp-block-list\"><li>WordPress<\/li><li>PrestaShop<\/li><li>SPIP<\/li><\/ul>\n","protected":false},"excerpt":{"rendered":"<p>Les technologies et logiciels que je maitrise et combine \u00e0 un plus ou moins haut niveau&#8230;<\/p>\n","protected":false},"author":1,"featured_media":124,"parent":0,"menu_order":0,"comment_status":"closed","ping_status":"closed","template":"page-full-width-image.php","meta":{"footnotes":""},"class_list":["post-10","page","type-page","status-publish","has-post-thumbnail","hentry"],"acf":[],"yoast_head":"<!-- This site is optimized with the Yoast SEO plugin v21.9.1 - https:\/\/yoast.com\/wordpress\/plugins\/seo\/ -->\n<title>Comp\u00e9tences | Romain Le Clerc<\/title>\n<meta name=\"robots\" content=\"index, follow, max-snippet:-1, max-image-preview:large, max-video-preview:-1\" \/>\n<link rel=\"canonical\" href=\"https:\/\/argotype.com\/romainleclerc\/competences\/\" \/>\n<meta property=\"og:locale\" content=\"fr_FR\" \/>\n<meta property=\"og:type\" content=\"article\" \/>\n<meta property=\"og:title\" content=\"Comp\u00e9tences | Romain Le Clerc\" \/>\n<meta property=\"og:description\" content=\"Les technologies et logiciels que je maitrise et combine \u00e0 un plus ou moins haut niveau...\" \/>\n<meta property=\"og:url\" content=\"https:\/\/argotype.com\/romainleclerc\/competences\/\" \/>\n<meta property=\"og:site_name\" content=\"Romain Le Clerc\" \/>\n<meta property=\"article:modified_time\" content=\"2023-03-29T14:46:21+00:00\" \/>\n<meta property=\"og:image\" content=\"https:\/\/argotype.com\/romainleclerc\/wp-content\/uploads\/2021\/11\/wp-02.b.png\" \/>\n\t<meta property=\"og:image:width\" content=\"1600\" \/>\n\t<meta property=\"og:image:height\" content=\"900\" \/>\n\t<meta property=\"og:image:type\" content=\"image\/png\" \/>\n<meta name=\"twitter:card\" content=\"summary_large_image\" \/>\n<meta name=\"twitter:label1\" content=\"Dur\u00e9e de lecture estim\u00e9e\" \/>\n\t<meta name=\"twitter:data1\" content=\"2 minutes\" \/>\n<script type=\"application\/ld+json\" class=\"yoast-schema-graph\">{\"@context\":\"https:\/\/schema.org\",\"@graph\":[{\"@type\":\"WebPage\",\"@id\":\"https:\/\/argotype.com\/romainleclerc\/competences\/\",\"url\":\"https:\/\/argotype.com\/romainleclerc\/competences\/\",\"name\":\"Comp\u00e9tences | Romain Le Clerc\",\"isPartOf\":{\"@id\":\"https:\/\/argotype.com\/romainleclerc\/#website\"},\"datePublished\":\"2021-10-23T00:35:13+00:00\",\"dateModified\":\"2023-03-29T14:46:21+00:00\",\"inLanguage\":\"fr-FR\",\"potentialAction\":[{\"@type\":\"ReadAction\",\"target\":[\"https:\/\/argotype.com\/romainleclerc\/competences\/\"]}]},{\"@type\":\"WebSite\",\"@id\":\"https:\/\/argotype.com\/romainleclerc\/#website\",\"url\":\"https:\/\/argotype.com\/romainleclerc\/\",\"name\":\"Romain Le Clerc\",\"description\":\"Graphisme - Design - Illustration - Typographie\",\"potentialAction\":[{\"@type\":\"SearchAction\",\"target\":{\"@type\":\"EntryPoint\",\"urlTemplate\":\"https:\/\/argotype.com\/romainleclerc\/?s={search_term_string}\"},\"query-input\":\"required name=search_term_string\"}],\"inLanguage\":\"fr-FR\"}]}<\/script>\n<!-- \/ Yoast SEO plugin. -->","yoast_head_json":{"title":"Comp\u00e9tences | Romain Le Clerc","robots":{"index":"index","follow":"follow","max-snippet":"max-snippet:-1","max-image-preview":"max-image-preview:large","max-video-preview":"max-video-preview:-1"},"canonical":"https:\/\/argotype.com\/romainleclerc\/competences\/","og_locale":"fr_FR","og_type":"article","og_title":"Comp\u00e9tences | Romain Le Clerc","og_description":"Les technologies et logiciels que je maitrise et combine \u00e0 un plus ou moins haut niveau...","og_url":"https:\/\/argotype.com\/romainleclerc\/competences\/","og_site_name":"Romain Le Clerc","article_modified_time":"2023-03-29T14:46:21+00:00","og_image":[{"width":1600,"height":900,"url":"https:\/\/argotype.com\/romainleclerc\/wp-content\/uploads\/2021\/11\/wp-02.b.png","type":"image\/png"}],"twitter_card":"summary_large_image","twitter_misc":{"Dur\u00e9e de lecture estim\u00e9e":"2 minutes"},"schema":{"@context":"https:\/\/schema.org","@graph":[{"@type":"WebPage","@id":"https:\/\/argotype.com\/romainleclerc\/competences\/","url":"https:\/\/argotype.com\/romainleclerc\/competences\/","name":"Comp\u00e9tences | Romain Le Clerc","isPartOf":{"@id":"https:\/\/argotype.com\/romainleclerc\/#website"},"datePublished":"2021-10-23T00:35:13+00:00","dateModified":"2023-03-29T14:46:21+00:00","inLanguage":"fr-FR","potentialAction":[{"@type":"ReadAction","target":["https:\/\/argotype.com\/romainleclerc\/competences\/"]}]},{"@type":"WebSite","@id":"https:\/\/argotype.com\/romainleclerc\/#website","url":"https:\/\/argotype.com\/romainleclerc\/","name":"Romain Le Clerc","description":"Graphisme - Design - Illustration - Typographie","potentialAction":[{"@type":"SearchAction","target":{"@type":"EntryPoint","urlTemplate":"https:\/\/argotype.com\/romainleclerc\/?s={search_term_string}"},"query-input":"required name=search_term_string"}],"inLanguage":"fr-FR"}]}},"_links":{"self":[{"href":"https:\/\/argotype.com\/romainleclerc\/wp-json\/wp\/v2\/pages\/10","targetHints":{"allow":["GET"]}}],"collection":[{"href":"https:\/\/argotype.com\/romainleclerc\/wp-json\/wp\/v2\/pages"}],"about":[{"href":"https:\/\/argotype.com\/romainleclerc\/wp-json\/wp\/v2\/types\/page"}],"author":[{"embeddable":true,"href":"https:\/\/argotype.com\/romainleclerc\/wp-json\/wp\/v2\/users\/1"}],"replies":[{"embeddable":true,"href":"https:\/\/argotype.com\/romainleclerc\/wp-json\/wp\/v2\/comments?post=10"}],"version-history":[{"count":32,"href":"https:\/\/argotype.com\/romainleclerc\/wp-json\/wp\/v2\/pages\/10\/revisions"}],"predecessor-version":[{"id":113,"href":"https:\/\/argotype.com\/romainleclerc\/wp-json\/wp\/v2\/pages\/10\/revisions\/113"}],"wp:featuredmedia":[{"embeddable":true,"href":"https:\/\/argotype.com\/romainleclerc\/wp-json\/wp\/v2\/media\/124"}],"wp:attachment":[{"href":"https:\/\/argotype.com\/romainleclerc\/wp-json\/wp\/v2\/media?parent=10"}],"curies":[{"name":"wp","href":"https:\/\/api.w.org\/{rel}","templated":true}]}}