{"id":2,"date":"2021-10-20T13:28:18","date_gmt":"2021-10-20T11:28:18","guid":{"rendered":"https:\/\/argotype.com\/romainleclerc\/?page_id=2"},"modified":"2023-03-29T16:46:21","modified_gmt":"2023-03-29T14:46:21","slug":"presentation","status":"publish","type":"page","link":"https:\/\/argotype.com\/romainleclerc\/presentation\/","title":{"rendered":"Pr\u00e9sentation"},"content":{"rendered":"\n<div class=\"alert alert-warning\">\nLe contenu est actuellement en cours de mise \u00e0 jour, seuls quelques travaux sont visibles et leur lien, ferm\u00e9s. Ils seront vite ouverts, et une galerie de r\u00e9alisations plus diverses sera ajout\u00e9e prochainement.\n<\/div>\n\n\n\n<h2 class=\"wp-block-heading\">\u00c0 propos de ce site<\/h2>\n\n\n\n<p>Curieux de tellement de choses, j&rsquo;ai donc enti\u00e8rement configur\u00e9 le serveur, ses composants et d\u00e9ploy\u00e9 ce site \u00ab\u00a0\u00e0 la main\u00a0\u00bb, si je puis dire \ud83d\ude42<br>H\u00e9bergement: <a href=\"https:\/\/www.linode.com\/\">Linode<\/a> avec un VPS supportant une distribution <a href=\"https:\/\/www.debian.org\/\">Debian 10<\/a>.<br>Serveur web: <a href=\"https:\/\/www.nginx.com\/\">Nginx<\/a><br>Base de donn\u00e9es: <a href=\"https:\/\/mariadb.org\/\">MariaDB<\/a><br>Syst\u00e8me de gestion de contenus (CMS): <a href=\"https:\/\/wordpress.org\/\">WordPress<\/a><br>Template et design: r\u00e9alisation personnelle s&rsquo;appuyant sur <a href=\"https:\/\/getbootstrap.com\/\">Bootstrap<\/a><\/p>\n\n\n\n<p>J&rsquo;aurais pu le faire diff\u00e9remment et il changera surement. C&rsquo;est une somme de choix personnels o\u00f9 je trouvais int\u00e9ressant de montrer une r\u00e9alisation reprenant quelques concepts \u00ab\u00a0forts\u00a0\u00bb du moment. <\/p>\n\n\n\n<h2 class=\"wp-block-heading\">\u00c0 propos de &#8230; moi!<\/h2>\n\n\n\n<p>Dipl\u00f4m\u00e9 en arts graphiques \u00e0 l&rsquo;<a href=\"https:\/\/epsaa.fr\/\" target=\"_blank\" rel=\"noreferrer noopener\">EPSAA<\/a>, b\u00e9n\u00e9ficiant d\u2019une longue exp\u00e9rience en entreprise et en freelance, je suis \u00e0 la fois cr\u00e9atif et bon technicien, dans les domaines du print (imprimerie) ou du web (internet). <\/p>\n\n\n\n<p>Mon parcours professionnel m&rsquo;a permis d&rsquo;acqu\u00e9rir un solide bagage \u00e0 traiter des projets divers, de la conception \u00e0 la r\u00e9alisation : des r\u00e9flexions concert\u00e9es pr\u00e9liminaires aux diff\u00e9rentes \u00e9tapes de la validation, puis \u00e0 la mise en production. Que cela soit pour de l&rsquo;imprimerie (affiches, plaquettes, publicit\u00e9s sur lieu de vente, pochettes, flyers, stickers, tracts, v\u00eatements) ou pour l&rsquo;habillage de site internet (web design) en tous genres (sites vitrines, marchands, simples blogs), j&rsquo;ai l&rsquo;habitude et une certaine aisance \u00e0 traiter directement avec les clients, intervenants et ex\u00e9cutants \/ prestataires d&rsquo;un projet. <\/p>\n\n\n\n<p>Mon domaine de pr\u00e9dilection : l&rsquo;image et la communication institutionnelle (signal\u00e9tique, logos \/ icones, chartes graphiques \/ habillages de sites ou m\u00eame, d&rsquo;une simple page, cartes de visite, et toutes les d\u00e9clinaisons dont on peut avoir besoin sur n&rsquo;importe quel type de support). Perfectionniste, j&rsquo;ai un certain sens du dessin, de la typographie, de la mise en page, de la calligraphie (ardoises de bar et restaurant, carte de v\u0153ux, etc&#8230;) de l&rsquo;informatique au sens large et plus accessoirement de la photo que je pratique essentiellement pour le plaisir (mais aussi, des fois, par n\u00e9cessit\u00e9!).<\/p>\n\n\n\n<p>Passionn\u00e9 par mon m\u00e9tier, j\u2019aime autant apprendre que partager mes connaissances et aider mon \u00e9quipe. On me dit, par ailleurs, patient et plut\u00f4t bon p\u00e9dagogue. <br>Les technologies et techniques \u00e9voluant maintenant tellement rapidement, j&rsquo;ai ainsi d\u00e9velopp\u00e9 un certain esprit de \u00ab\u00a0veille\u00a0\u00bb, particuli\u00e8rement en mati\u00e8re de design et d&rsquo;applications internet.<\/p>\n","protected":false},"excerpt":{"rendered":"<p>Des pinceaux, des crayons, des feutres, de la peinture, des encres&#8230;<br \/>\nMais aussi! De l&rsquo;internet, des \u00e9crans, une palette graphiques, un clavier, une souris et des id\u00e9es&#8230;<\/p>\n","protected":false},"author":1,"featured_media":123,"parent":0,"menu_order":0,"comment_status":"closed","ping_status":"closed","template":"page-full-width-image.php","meta":{"footnotes":""},"class_list":["post-2","page","type-page","status-publish","has-post-thumbnail","hentry"],"acf":[],"yoast_head":"<!-- This site is optimized with the Yoast SEO plugin v21.9.1 - https:\/\/yoast.com\/wordpress\/plugins\/seo\/ -->\n<title>Pr\u00e9sentation | Romain Le Clerc<\/title>\n<meta name=\"robots\" content=\"index, follow, max-snippet:-1, max-image-preview:large, max-video-preview:-1\" \/>\n<link rel=\"canonical\" href=\"https:\/\/argotype.com\/romainleclerc\/presentation\/\" \/>\n<meta property=\"og:locale\" content=\"fr_FR\" \/>\n<meta property=\"og:type\" content=\"article\" \/>\n<meta property=\"og:title\" content=\"Pr\u00e9sentation | Romain Le Clerc\" \/>\n<meta property=\"og:description\" content=\"Des pinceaux, des crayons, des feutres, de la peinture, des encres... Mais aussi! De l&#039;internet, des \u00e9crans, une palette graphiques, un clavier, une souris et des id\u00e9es...\" \/>\n<meta property=\"og:url\" content=\"https:\/\/argotype.com\/romainleclerc\/presentation\/\" \/>\n<meta property=\"og:site_name\" content=\"Romain Le Clerc\" \/>\n<meta property=\"article:modified_time\" content=\"2023-03-29T14:46:21+00:00\" \/>\n<meta property=\"og:image\" content=\"https:\/\/argotype.com\/romainleclerc\/wp-content\/uploads\/2021\/11\/wp-03.a.png\" \/>\n\t<meta property=\"og:image:width\" content=\"1600\" \/>\n\t<meta property=\"og:image:height\" content=\"900\" \/>\n\t<meta property=\"og:image:type\" content=\"image\/png\" \/>\n<meta name=\"twitter:card\" content=\"summary_large_image\" \/>\n<meta name=\"twitter:label1\" content=\"Dur\u00e9e de lecture estim\u00e9e\" \/>\n\t<meta name=\"twitter:data1\" content=\"3 minutes\" \/>\n<script type=\"application\/ld+json\" class=\"yoast-schema-graph\">{\"@context\":\"https:\/\/schema.org\",\"@graph\":[{\"@type\":\"WebPage\",\"@id\":\"https:\/\/argotype.com\/romainleclerc\/presentation\/\",\"url\":\"https:\/\/argotype.com\/romainleclerc\/presentation\/\",\"name\":\"Pr\u00e9sentation | Romain Le Clerc\",\"isPartOf\":{\"@id\":\"https:\/\/argotype.com\/romainleclerc\/#website\"},\"datePublished\":\"2021-10-20T11:28:18+00:00\",\"dateModified\":\"2023-03-29T14:46:21+00:00\",\"inLanguage\":\"fr-FR\",\"potentialAction\":[{\"@type\":\"ReadAction\",\"target\":[\"https:\/\/argotype.com\/romainleclerc\/presentation\/\"]}]},{\"@type\":\"WebSite\",\"@id\":\"https:\/\/argotype.com\/romainleclerc\/#website\",\"url\":\"https:\/\/argotype.com\/romainleclerc\/\",\"name\":\"Romain Le Clerc\",\"description\":\"Graphisme - Design - Illustration - Typographie\",\"potentialAction\":[{\"@type\":\"SearchAction\",\"target\":{\"@type\":\"EntryPoint\",\"urlTemplate\":\"https:\/\/argotype.com\/romainleclerc\/?s={search_term_string}\"},\"query-input\":\"required name=search_term_string\"}],\"inLanguage\":\"fr-FR\"}]}<\/script>\n<!-- \/ Yoast SEO plugin. -->","yoast_head_json":{"title":"Pr\u00e9sentation | Romain Le Clerc","robots":{"index":"index","follow":"follow","max-snippet":"max-snippet:-1","max-image-preview":"max-image-preview:large","max-video-preview":"max-video-preview:-1"},"canonical":"https:\/\/argotype.com\/romainleclerc\/presentation\/","og_locale":"fr_FR","og_type":"article","og_title":"Pr\u00e9sentation | Romain Le Clerc","og_description":"Des pinceaux, des crayons, des feutres, de la peinture, des encres... Mais aussi! De l'internet, des \u00e9crans, une palette graphiques, un clavier, une souris et des id\u00e9es...","og_url":"https:\/\/argotype.com\/romainleclerc\/presentation\/","og_site_name":"Romain Le Clerc","article_modified_time":"2023-03-29T14:46:21+00:00","og_image":[{"width":1600,"height":900,"url":"https:\/\/argotype.com\/romainleclerc\/wp-content\/uploads\/2021\/11\/wp-03.a.png","type":"image\/png"}],"twitter_card":"summary_large_image","twitter_misc":{"Dur\u00e9e de lecture estim\u00e9e":"3 minutes"},"schema":{"@context":"https:\/\/schema.org","@graph":[{"@type":"WebPage","@id":"https:\/\/argotype.com\/romainleclerc\/presentation\/","url":"https:\/\/argotype.com\/romainleclerc\/presentation\/","name":"Pr\u00e9sentation | Romain Le Clerc","isPartOf":{"@id":"https:\/\/argotype.com\/romainleclerc\/#website"},"datePublished":"2021-10-20T11:28:18+00:00","dateModified":"2023-03-29T14:46:21+00:00","inLanguage":"fr-FR","potentialAction":[{"@type":"ReadAction","target":["https:\/\/argotype.com\/romainleclerc\/presentation\/"]}]},{"@type":"WebSite","@id":"https:\/\/argotype.com\/romainleclerc\/#website","url":"https:\/\/argotype.com\/romainleclerc\/","name":"Romain Le Clerc","description":"Graphisme - Design - Illustration - Typographie","potentialAction":[{"@type":"SearchAction","target":{"@type":"EntryPoint","urlTemplate":"https:\/\/argotype.com\/romainleclerc\/?s={search_term_string}"},"query-input":"required name=search_term_string"}],"inLanguage":"fr-FR"}]}},"_links":{"self":[{"href":"https:\/\/argotype.com\/romainleclerc\/wp-json\/wp\/v2\/pages\/2","targetHints":{"allow":["GET"]}}],"collection":[{"href":"https:\/\/argotype.com\/romainleclerc\/wp-json\/wp\/v2\/pages"}],"about":[{"href":"https:\/\/argotype.com\/romainleclerc\/wp-json\/wp\/v2\/types\/page"}],"author":[{"embeddable":true,"href":"https:\/\/argotype.com\/romainleclerc\/wp-json\/wp\/v2\/users\/1"}],"replies":[{"embeddable":true,"href":"https:\/\/argotype.com\/romainleclerc\/wp-json\/wp\/v2\/comments?post=2"}],"version-history":[{"count":19,"href":"https:\/\/argotype.com\/romainleclerc\/wp-json\/wp\/v2\/pages\/2\/revisions"}],"predecessor-version":[{"id":193,"href":"https:\/\/argotype.com\/romainleclerc\/wp-json\/wp\/v2\/pages\/2\/revisions\/193"}],"wp:featuredmedia":[{"embeddable":true,"href":"https:\/\/argotype.com\/romainleclerc\/wp-json\/wp\/v2\/media\/123"}],"wp:attachment":[{"href":"https:\/\/argotype.com\/romainleclerc\/wp-json\/wp\/v2\/media?parent=2"}],"curies":[{"name":"wp","href":"https:\/\/api.w.org\/{rel}","templated":true}]}}