{"id":25,"date":"2021-10-23T13:38:35","date_gmt":"2021-10-23T11:38:35","guid":{"rendered":"https:\/\/argotype.com\/romainleclerc\/?page_id=25"},"modified":"2023-03-29T16:46:21","modified_gmt":"2023-03-29T14:46:21","slug":"home","status":"publish","type":"page","link":"https:\/\/argotype.com\/romainleclerc\/","title":{"rendered":"Home"},"content":{"rendered":"","protected":false},"excerpt":{"rendered":"","protected":false},"author":1,"featured_media":151,"parent":0,"menu_order":0,"comment_status":"closed","ping_status":"closed","template":"page-full-width-image.php","meta":{"footnotes":""},"class_list":["post-25","page","type-page","status-publish","has-post-thumbnail","hentry"],"acf":[],"yoast_head":"<!-- This site is optimized with the Yoast SEO plugin v21.9.1 - https:\/\/yoast.com\/wordpress\/plugins\/seo\/ -->\n<title>Home | Romain Le Clerc<\/title>\n<meta name=\"description\" content=\"Graphisme - infographisme - illustrations - typographie - calligraphie . Quelques une de mes sp\u00e9cialit\u00e9s que je vous propose de d\u00e9couvrir.\" \/>\n<meta name=\"robots\" content=\"index, follow, max-snippet:-1, max-image-preview:large, max-video-preview:-1\" \/>\n<link rel=\"canonical\" href=\"https:\/\/argotype.com\/romainleclerc\/\" \/>\n<meta property=\"og:locale\" content=\"fr_FR\" \/>\n<meta property=\"og:type\" content=\"article\" \/>\n<meta property=\"og:title\" content=\"Home | Romain Le Clerc\" \/>\n<meta property=\"og:description\" content=\"Graphisme - infographisme - illustrations - typographie - calligraphie . Quelques une de mes sp\u00e9cialit\u00e9s que je vous propose de d\u00e9couvrir.\" \/>\n<meta property=\"og:url\" content=\"https:\/\/argotype.com\/romainleclerc\/\" \/>\n<meta property=\"og:site_name\" content=\"Romain Le Clerc\" \/>\n<meta property=\"article:modified_time\" content=\"2023-03-29T14:46:21+00:00\" \/>\n<meta property=\"og:image\" content=\"https:\/\/argotype.com\/romainleclerc\/wp-content\/uploads\/2021\/11\/wp-01.b.png\" \/>\n\t<meta property=\"og:image:width\" content=\"1600\" \/>\n\t<meta property=\"og:image:height\" content=\"900\" \/>\n\t<meta property=\"og:image:type\" content=\"image\/png\" \/>\n<meta name=\"twitter:card\" content=\"summary_large_image\" \/>\n<script type=\"application\/ld+json\" class=\"yoast-schema-graph\">{\"@context\":\"https:\/\/schema.org\",\"@graph\":[{\"@type\":\"WebPage\",\"@id\":\"https:\/\/argotype.com\/romainleclerc\/\",\"url\":\"https:\/\/argotype.com\/romainleclerc\/\",\"name\":\"Home | Romain Le Clerc\",\"isPartOf\":{\"@id\":\"https:\/\/argotype.com\/romainleclerc\/#website\"},\"datePublished\":\"2021-10-23T11:38:35+00:00\",\"dateModified\":\"2023-03-29T14:46:21+00:00\",\"description\":\"Graphisme - infographisme - illustrations - typographie - calligraphie . Quelques une de mes sp\u00e9cialit\u00e9s que je vous propose de d\u00e9couvrir.\",\"inLanguage\":\"fr-FR\",\"potentialAction\":[{\"@type\":\"ReadAction\",\"target\":[\"https:\/\/argotype.com\/romainleclerc\/\"]}]},{\"@type\":\"WebSite\",\"@id\":\"https:\/\/argotype.com\/romainleclerc\/#website\",\"url\":\"https:\/\/argotype.com\/romainleclerc\/\",\"name\":\"Romain Le Clerc\",\"description\":\"Graphisme - Design - Illustration - Typographie\",\"potentialAction\":[{\"@type\":\"SearchAction\",\"target\":{\"@type\":\"EntryPoint\",\"urlTemplate\":\"https:\/\/argotype.com\/romainleclerc\/?s={search_term_string}\"},\"query-input\":\"required name=search_term_string\"}],\"inLanguage\":\"fr-FR\"}]}<\/script>\n<!-- \/ Yoast SEO plugin. -->","yoast_head_json":{"title":"Home | Romain Le Clerc","description":"Graphisme - infographisme - illustrations - typographie - calligraphie . Quelques une de mes sp\u00e9cialit\u00e9s que je vous propose de d\u00e9couvrir.","robots":{"index":"index","follow":"follow","max-snippet":"max-snippet:-1","max-image-preview":"max-image-preview:large","max-video-preview":"max-video-preview:-1"},"canonical":"https:\/\/argotype.com\/romainleclerc\/","og_locale":"fr_FR","og_type":"article","og_title":"Home | Romain Le Clerc","og_description":"Graphisme - infographisme - illustrations - typographie - calligraphie . Quelques une de mes sp\u00e9cialit\u00e9s que je vous propose de d\u00e9couvrir.","og_url":"https:\/\/argotype.com\/romainleclerc\/","og_site_name":"Romain Le Clerc","article_modified_time":"2023-03-29T14:46:21+00:00","og_image":[{"width":1600,"height":900,"url":"https:\/\/argotype.com\/romainleclerc\/wp-content\/uploads\/2021\/11\/wp-01.b.png","type":"image\/png"}],"twitter_card":"summary_large_image","schema":{"@context":"https:\/\/schema.org","@graph":[{"@type":"WebPage","@id":"https:\/\/argotype.com\/romainleclerc\/","url":"https:\/\/argotype.com\/romainleclerc\/","name":"Home | Romain Le Clerc","isPartOf":{"@id":"https:\/\/argotype.com\/romainleclerc\/#website"},"datePublished":"2021-10-23T11:38:35+00:00","dateModified":"2023-03-29T14:46:21+00:00","description":"Graphisme - infographisme - illustrations - typographie - calligraphie . Quelques une de mes sp\u00e9cialit\u00e9s que je vous propose de d\u00e9couvrir.","inLanguage":"fr-FR","potentialAction":[{"@type":"ReadAction","target":["https:\/\/argotype.com\/romainleclerc\/"]}]},{"@type":"WebSite","@id":"https:\/\/argotype.com\/romainleclerc\/#website","url":"https:\/\/argotype.com\/romainleclerc\/","name":"Romain Le Clerc","description":"Graphisme - Design - Illustration - Typographie","potentialAction":[{"@type":"SearchAction","target":{"@type":"EntryPoint","urlTemplate":"https:\/\/argotype.com\/romainleclerc\/?s={search_term_string}"},"query-input":"required name=search_term_string"}],"inLanguage":"fr-FR"}]}},"_links":{"self":[{"href":"https:\/\/argotype.com\/romainleclerc\/wp-json\/wp\/v2\/pages\/25","targetHints":{"allow":["GET"]}}],"collection":[{"href":"https:\/\/argotype.com\/romainleclerc\/wp-json\/wp\/v2\/pages"}],"about":[{"href":"https:\/\/argotype.com\/romainleclerc\/wp-json\/wp\/v2\/types\/page"}],"author":[{"embeddable":true,"href":"https:\/\/argotype.com\/romainleclerc\/wp-json\/wp\/v2\/users\/1"}],"replies":[{"embeddable":true,"href":"https:\/\/argotype.com\/romainleclerc\/wp-json\/wp\/v2\/comments?post=25"}],"version-history":[{"count":5,"href":"https:\/\/argotype.com\/romainleclerc\/wp-json\/wp\/v2\/pages\/25\/revisions"}],"predecessor-version":[{"id":160,"href":"https:\/\/argotype.com\/romainleclerc\/wp-json\/wp\/v2\/pages\/25\/revisions\/160"}],"wp:featuredmedia":[{"embeddable":true,"href":"https:\/\/argotype.com\/romainleclerc\/wp-json\/wp\/v2\/media\/151"}],"wp:attachment":[{"href":"https:\/\/argotype.com\/romainleclerc\/wp-json\/wp\/v2\/media?parent=25"}],"curies":[{"name":"wp","href":"https:\/\/api.w.org\/{rel}","templated":true}]}}